{"id":675,"date":"2025-09-29T20:37:48","date_gmt":"2025-09-29T20:37:48","guid":{"rendered":"http:\/\/hyperfocale.fr\/?page_id=675"},"modified":"2025-10-07T06:50:44","modified_gmt":"2025-10-07T06:50:44","slug":"me-contacter","status":"publish","type":"page","link":"https:\/\/hyperfocale.fr\/index.php\/me-contacter\/","title":{"rendered":"Me contacter"},"content":{"rendered":"\n<div class=\"wp-block-cover alignfull wp-duotone-unset-1 block-visibility-hide-medium-screen block-visibility-hide-small-screen\" style=\"margin-top:0;padding-top:4vw;padding-right:13vw;padding-bottom:4vw;padding-left:13vw;min-height:70px;aspect-ratio:unset;\"><img loading=\"lazy\" decoding=\"async\" width=\"1706\" height=\"2560\" class=\"wp-block-cover__image-background wp-image-895 size-full\" alt=\"\" src=\"http:\/\/hyperfocale.fr\/wp-content\/uploads\/2025\/10\/b-scaled.jpg\" style=\"object-position:21% 53%\" data-object-fit=\"cover\" data-object-position=\"21% 53%\" srcset=\"https:\/\/hyperfocale.fr\/wp-content\/uploads\/2025\/10\/b-scaled.jpg 1706w, https:\/\/hyperfocale.fr\/wp-content\/uploads\/2025\/10\/b-2000x3000.jpg 2000w, https:\/\/hyperfocale.fr\/wp-content\/uploads\/2025\/10\/b-768x1152.jpg 768w, https:\/\/hyperfocale.fr\/wp-content\/uploads\/2025\/10\/b-1024x1536.jpg 1024w, https:\/\/hyperfocale.fr\/wp-content\/uploads\/2025\/10\/b-1365x2048.jpg 1365w, https:\/\/hyperfocale.fr\/wp-content\/uploads\/2025\/10\/b-300x450.jpg 300w, https:\/\/hyperfocale.fr\/wp-content\/uploads\/2025\/10\/b-800x1200.jpg 800w, https:\/\/hyperfocale.fr\/wp-content\/uploads\/2025\/10\/b-600x900.jpg 600w\" sizes=\"auto, (max-width: 1706px) 100vw, 1706px\" \/><span aria-hidden=\"true\" class=\"wp-block-cover__background has-background-dim-60 has-background-dim\" style=\"background-color:#141414\"><\/span><div class=\"wp-block-cover__inner-container is-layout-flow wp-block-cover-is-layout-flow\">\n<div class=\"wp-block-group wp-container-content-9cfa9a5a is-horizontal is-content-justification-center is-nowrap is-layout-flex wp-container-core-group-is-layout-31478123 wp-block-group-is-layout-flex\">\n<p class=\"has-text-align-center has-white-color has-text-color has-source-serif-pro-font-family\" style=\"border-style:none;border-width:0px;font-size:7.8vh;font-style:italic;font-weight:900;letter-spacing:1px;line-height:0.8;text-transform:capitalize\">Me contacter<\/p>\n<\/div>\n<\/div><\/div>\n\n\n\n<div class=\"wp-block-cover alignfull has-custom-content-position is-position-center-left wp-duotone-unset-2 block-visibility-hide-large-screen\" style=\"margin-top:0;padding-top:4vw;padding-right:13vw;padding-bottom:4vw;padding-left:13vw;min-height:64px;aspect-ratio:unset;\"><img loading=\"lazy\" decoding=\"async\" width=\"1706\" height=\"2560\" class=\"wp-block-cover__image-background wp-image-895 size-full\" alt=\"\" src=\"http:\/\/hyperfocale.fr\/wp-content\/uploads\/2025\/10\/b-scaled.jpg\" style=\"object-position:51% 53%\" data-object-fit=\"cover\" data-object-position=\"51% 53%\" srcset=\"https:\/\/hyperfocale.fr\/wp-content\/uploads\/2025\/10\/b-scaled.jpg 1706w, https:\/\/hyperfocale.fr\/wp-content\/uploads\/2025\/10\/b-2000x3000.jpg 2000w, https:\/\/hyperfocale.fr\/wp-content\/uploads\/2025\/10\/b-768x1152.jpg 768w, https:\/\/hyperfocale.fr\/wp-content\/uploads\/2025\/10\/b-1024x1536.jpg 1024w, https:\/\/hyperfocale.fr\/wp-content\/uploads\/2025\/10\/b-1365x2048.jpg 1365w, https:\/\/hyperfocale.fr\/wp-content\/uploads\/2025\/10\/b-300x450.jpg 300w, https:\/\/hyperfocale.fr\/wp-content\/uploads\/2025\/10\/b-800x1200.jpg 800w, https:\/\/hyperfocale.fr\/wp-content\/uploads\/2025\/10\/b-600x900.jpg 600w\" sizes=\"auto, (max-width: 1706px) 100vw, 1706px\" \/><span aria-hidden=\"true\" class=\"wp-block-cover__background has-background-dim-40 has-background-dim\" style=\"background-color:#141414\"><\/span><div class=\"wp-block-cover__inner-container is-layout-flow wp-block-cover-is-layout-flow\">\n<div class=\"wp-block-group wp-container-content-9cfa9a5a is-horizontal is-content-justification-center is-nowrap is-layout-flex wp-container-core-group-is-layout-31478123 wp-block-group-is-layout-flex\">\n<p class=\"has-text-align-left has-white-color has-text-color has-source-serif-pro-font-family\" style=\"border-style:none;border-width:0px;font-size:35px;font-style:italic;font-weight:900;letter-spacing:1px;line-height:0.8;text-transform:none\">Me contacter<\/p>\n<\/div>\n<\/div><\/div>\n\n\n\n<div style=\"height:27px\" aria-hidden=\"true\" class=\"wp-block-spacer\"><\/div>\n\n\n\n<p class=\"has-text-align-left block-visibility-hide-medium-screen block-visibility-hide-small-screen\" style=\"font-size:22px\">Si vous avez aim\u00e9 mon approche, pourquoi ne pas parler un peu de vous ?<\/p>\n\n\n\n<p class=\"has-text-align-center block-visibility-hide-large-screen\" style=\"font-size:1.1em\">Si mon approche vous a s\u00e9duit, pourquoi ne pas parler un peu de vous ?<\/p>\n\n\n\n<p><\/p>\n\n\n\n<p class=\"has-medium-font-size\">Je suis disponible pour parler de votre projet par mail ou <a href=\"https:\/\/www.instagram.com\/eliott_mra\/\">Instagram<\/a> :<\/p>\n\n\n\n<p>D\u00e9taillez votre message autant que possible pour que je puisse vous r\u00e9pondre de la mani\u00e8re la plus pr\u00e9cise et personnalis\u00e9e.<\/p>\n\n\n<div data-aos-once=\"true\" data-aos=\"fade-down\" class=\"wp-block-jetpack-contact-form is-style-animated block-visibility-hide-medium-screen block-visibility-hide-small-screen\"><a href=\"https:\/\/hyperfocale.fr\/index.php\/me-contacter\/\" target=\"_blank\" rel=\"noopener noreferrer\">Soumettre un formulaire.<\/a><\/div>\n\n<div data-aos-duration=\"1000\" data-aos=\"fade\" class=\"wp-block-jetpack-contact-form block-visibility-hide-large-screen\"><a href=\"https:\/\/hyperfocale.fr\/index.php\/me-contacter\/\" target=\"_blank\" rel=\"noopener noreferrer\">Soumettre un formulaire.<\/a><\/div>\n\n\n<div style=\"height:57px\" aria-hidden=\"true\" class=\"wp-block-spacer\"><\/div>\n\n\n\n<p><\/p>\n","protected":false},"excerpt":{"rendered":"<p>Si vous avez aim\u00e9 mon approche, pourquoi ne pas parler un peu de vous ? Si mon approche vous a [&hellip;]<\/p>\n","protected":false},"author":1,"featured_media":0,"parent":0,"menu_order":0,"comment_status":"closed","ping_status":"closed","template":"","meta":{"site-sidebar-layout":"default","site-content-layout":"","ast-site-content-layout":"default","site-content-style":"default","site-sidebar-style":"default","ast-global-header-display":"","ast-banner-title-visibility":"","ast-main-header-display":"","ast-hfb-above-header-display":"","ast-hfb-below-header-display":"","ast-hfb-mobile-header-display":"","site-post-title":"disabled","ast-breadcrumbs-content":"","ast-featured-img":"","footer-sml-layout":"","theme-transparent-header-meta":"","adv-header-id-meta":"","stick-header-meta":"","header-above-stick-meta":"","header-main-stick-meta":"","header-below-stick-meta":"","astra-migrate-meta-layouts":"default","ast-page-background-enabled":"default","ast-page-background-meta":{"desktop":{"background-color":"var(--ast-global-color-5)","background-image":"","background-repeat":"repeat","background-position":"center center","background-size":"auto","background-attachment":"scroll","background-type":"","background-media":"","overlay-type":"","overlay-color":"","overlay-opacity":"","overlay-gradient":""},"tablet":{"background-color":"","background-image":"","background-repeat":"repeat","background-position":"center center","background-size":"auto","background-attachment":"scroll","background-type":"","background-media":"","overlay-type":"","overlay-color":"","overlay-opacity":"","overlay-gradient":""},"mobile":{"background-color":"","background-image":"","background-repeat":"repeat","background-position":"center center","background-size":"auto","background-attachment":"scroll","background-type":"","background-media":"","overlay-type":"","overlay-color":"","overlay-opacity":"","overlay-gradient":""}},"ast-content-background-meta":{"desktop":{"background-color":"var(--ast-global-color-4)","background-image":"","background-repeat":"repeat","background-position":"center center","background-size":"auto","background-attachment":"scroll","background-type":"","background-media":"","overlay-type":"","overlay-color":"","overlay-opacity":"","overlay-gradient":""},"tablet":{"background-color":"var(--ast-global-color-4)","background-image":"","background-repeat":"repeat","background-position":"center center","background-size":"auto","background-attachment":"scroll","background-type":"","background-media":"","overlay-type":"","overlay-color":"","overlay-opacity":"","overlay-gradient":""},"mobile":{"background-color":"var(--ast-global-color-4)","background-image":"","background-repeat":"repeat","background-position":"center center","background-size":"auto","background-attachment":"scroll","background-type":"","background-media":"","overlay-type":"","overlay-color":"","overlay-opacity":"","overlay-gradient":""}},"footnotes":""},"class_list":["post-675","page","type-page","status-publish","hentry"],"jetpack_sharing_enabled":true,"_links":{"self":[{"href":"https:\/\/hyperfocale.fr\/index.php\/wp-json\/wp\/v2\/pages\/675","targetHints":{"allow":["GET"]}}],"collection":[{"href":"https:\/\/hyperfocale.fr\/index.php\/wp-json\/wp\/v2\/pages"}],"about":[{"href":"https:\/\/hyperfocale.fr\/index.php\/wp-json\/wp\/v2\/types\/page"}],"author":[{"embeddable":true,"href":"https:\/\/hyperfocale.fr\/index.php\/wp-json\/wp\/v2\/users\/1"}],"replies":[{"embeddable":true,"href":"https:\/\/hyperfocale.fr\/index.php\/wp-json\/wp\/v2\/comments?post=675"}],"version-history":[{"count":44,"href":"https:\/\/hyperfocale.fr\/index.php\/wp-json\/wp\/v2\/pages\/675\/revisions"}],"predecessor-version":[{"id":1165,"href":"https:\/\/hyperfocale.fr\/index.php\/wp-json\/wp\/v2\/pages\/675\/revisions\/1165"}],"wp:attachment":[{"href":"https:\/\/hyperfocale.fr\/index.php\/wp-json\/wp\/v2\/media?parent=675"}],"curies":[{"name":"wp","href":"https:\/\/api.w.org\/{rel}","templated":true}]}}