{"id":633,"date":"2025-09-29T13:45:37","date_gmt":"2025-09-29T13:45:37","guid":{"rendered":"http:\/\/hyperfocale.fr\/?page_id=633"},"modified":"2025-10-29T10:49:25","modified_gmt":"2025-10-29T10:49:25","slug":"accueil","status":"publish","type":"page","link":"https:\/\/hyperfocale.fr\/","title":{"rendered":"Bienvenue !"},"content":{"rendered":"\n<div style=\"height:57px\" aria-hidden=\"true\" class=\"wp-block-spacer\"><\/div>\n\n\n\n<p class=\"has-text-align-center has-ast-global-color-8-color has-text-color has-link-color has-large-font-size wp-elements-4f0611dc6f003205b4675adb909aa5d6 block-visibility-hide-medium-screen block-visibility-hide-small-screen\" style=\"border-style:none;border-width:0px;border-radius:0px\">Bienvenue sur <strong>Hyperfocale<\/strong><\/p>\n\n\n\n<h1 class=\"wp-block-heading has-text-align-center block-visibility-hide-large-screen\" style=\"font-size:1.6em\">Bienvenue sur <strong>Hyperfocale<\/strong><\/h1>\n\n\n\n<div style=\"height:22px\" aria-hidden=\"true\" class=\"wp-block-spacer\"><\/div>\n\n\n\n<div class=\"wp-block-group alignfull is-content-justification-center is-layout-constrained wp-container-core-group-is-layout-7575cf56 wp-block-group-is-layout-constrained\" style=\"margin-top:0;margin-bottom:0;padding-top:0;padding-right:var(--wp--style--root--padding-right, var(--wp--custom--gap--horizontal));padding-bottom:calc( 0.5 * var(--wp--style--root--padding-right, var(--wp--custom--gap--horizontal)));padding-left:var(--wp--style--root--padding-left, var(--wp--custom--gap--horizontal))\">\n<div class=\"wp-block-cover alignfull is-light has-custom-content-position is-position-top-center has-medium-font-size wp-duotone-unset-1 block-visibility-hide-medium-screen block-visibility-hide-small-screen\" style=\"min-height:50px;aspect-ratio:unset;\" data-aos=\"fade-down\" data-aos-duration=\"1900\"><img loading=\"lazy\" decoding=\"async\" width=\"2454\" height=\"1380\" class=\"wp-block-cover__image-background wp-image-805 size-full\" alt=\"\" src=\"http:\/\/hyperfocale.fr\/wp-content\/uploads\/2025\/10\/29-09-Insta-9-of-9-1.jpg\" style=\"object-position:44% 75%\" data-object-fit=\"cover\" data-object-position=\"44% 75%\" srcset=\"https:\/\/hyperfocale.fr\/wp-content\/uploads\/2025\/10\/29-09-Insta-9-of-9-1.jpg 2454w, https:\/\/hyperfocale.fr\/wp-content\/uploads\/2025\/10\/29-09-Insta-9-of-9-1-768x432.jpg 768w, https:\/\/hyperfocale.fr\/wp-content\/uploads\/2025\/10\/29-09-Insta-9-of-9-1-1536x864.jpg 1536w, https:\/\/hyperfocale.fr\/wp-content\/uploads\/2025\/10\/29-09-Insta-9-of-9-1-2048x1152.jpg 2048w, https:\/\/hyperfocale.fr\/wp-content\/uploads\/2025\/10\/29-09-Insta-9-of-9-1-600x337.jpg 600w, https:\/\/hyperfocale.fr\/wp-content\/uploads\/2025\/10\/29-09-Insta-9-of-9-1-1200x675.jpg 1200w, https:\/\/hyperfocale.fr\/wp-content\/uploads\/2025\/10\/29-09-Insta-9-of-9-1-300x169.jpg 300w\" sizes=\"auto, (max-width: 2454px) 100vw, 2454px\" \/><span aria-hidden=\"true\" class=\"wp-block-cover__background has-background-dim-0 has-background-dim\" style=\"background-color:#FFF\"><\/span><div class=\"wp-block-cover__inner-container is-layout-flow wp-block-cover-is-layout-flow\">\n<div style=\"height:656px\" aria-hidden=\"true\" class=\"wp-block-spacer block-visibility-hide-medium-screen block-visibility-hide-small-screen\"><\/div>\n<\/div><\/div>\n\n\n\n<div class=\"wp-block-cover alignfull has-medium-font-size wp-duotone-unset-2 block-visibility-hide-large-screen\" style=\"min-height:325px;aspect-ratio:unset;\" data-aos=\"fade-down\" data-aos-duration=\"1500\"><img loading=\"lazy\" decoding=\"async\" width=\"1981\" height=\"1321\" class=\"wp-block-cover__image-background wp-image-703 size-full\" alt=\"\" src=\"http:\/\/hyperfocale.fr\/wp-content\/uploads\/2025\/10\/29-09-Insta-6-of-9.jpg\" style=\"object-position:45% 0%\" data-object-fit=\"cover\" data-object-position=\"45% 0%\" srcset=\"https:\/\/hyperfocale.fr\/wp-content\/uploads\/2025\/10\/29-09-Insta-6-of-9.jpg 1981w, https:\/\/hyperfocale.fr\/wp-content\/uploads\/2025\/10\/29-09-Insta-6-of-9-768x512.jpg 768w, https:\/\/hyperfocale.fr\/wp-content\/uploads\/2025\/10\/29-09-Insta-6-of-9-1536x1024.jpg 1536w, https:\/\/hyperfocale.fr\/wp-content\/uploads\/2025\/10\/29-09-Insta-6-of-9-600x400.jpg 600w, https:\/\/hyperfocale.fr\/wp-content\/uploads\/2025\/10\/29-09-Insta-6-of-9-1200x800.jpg 1200w, https:\/\/hyperfocale.fr\/wp-content\/uploads\/2025\/10\/29-09-Insta-6-of-9-300x200.jpg 300w\" sizes=\"auto, (max-width: 1981px) 100vw, 1981px\" \/><span aria-hidden=\"true\" class=\"wp-block-cover__background has-background-dim-0 has-background-dim\" style=\"background-color:#FFF\"><\/span><div class=\"wp-block-cover__inner-container is-layout-flow wp-block-cover-is-layout-flow\">\n<div style=\"height:234px\" aria-hidden=\"true\" class=\"wp-block-spacer block-visibility-hide-medium-screen block-visibility-hide-small-screen\"><\/div>\n<\/div><\/div>\n\n\n\n<div style=\"height:13px\" aria-hidden=\"true\" class=\"wp-block-spacer\"><\/div>\n\n\n\n<div style=\"height:calc( 0.25 * var(--wp--style--root--padding-right, var(--wp--custom--gap--horizontal)))\" aria-hidden=\"true\" class=\"wp-block-spacer\"><\/div>\n\n\n\n<div class=\"wp-block-group alignwide is-layout-constrained wp-block-group-is-layout-constrained block-visibility-hide-medium-screen block-visibility-hide-small-screen\" data-aos=\"fade\" data-aos-duration=\"1250\" data-aos-once=\"true\">\n<h2 class=\"wp-block-heading has-text-align-center has-ast-global-color-2-color has-text-color block-visibility-hide-medium-screen block-visibility-hide-small-screen\" style=\"font-size:37px\">Photographie d\u00e9di\u00e9e aux sports de niche<\/h2>\n\n\n\n<p class=\"has-text-align-center\">Bas\u00e9 dans le nord is\u00e8re entre Lyon et Grenoble, je traque l\u2019action l\u00e0 o\u00f9 personne ne regarde \u2014 montagnes, gymnases ou terrains improbables.<\/p>\n\n\n\n<p class=\"has-text-align-center\">Mon but : capturer le mouvement, les \u00e9motions et toujours l\u2019authentique.<\/p>\n\n\n\n<div class=\"wp-block-buttons is-horizontal is-content-justification-center is-layout-flex wp-container-core-buttons-is-layout-ecd33c62 wp-block-buttons-is-layout-flex\" data-aos=\"fade\" data-aos-duration=\"1500\" data-aos-once=\"true\">\n<div class=\"wp-block-button has-custom-width wp-block-button__width-25\"><a class=\"wp-block-button__link wp-element-button\" href=\"http:\/\/hyperfocale.fr\/index.php\/portfolio\/\">D\u00e9couvrir mes photos<\/a><\/div>\n<\/div>\n<\/div>\n\n\n\n<h2 class=\"wp-block-heading alignwide has-text-align-center block-visibility-hide-large-screen\" style=\"border-style:none;border-width:0px;font-size:1.3em\">Photographie d\u00e9di\u00e9e aux sports de niche<\/h2>\n\n\n\n<div class=\"wp-block-group alignwide has-small-font-size is-layout-constrained wp-container-core-group-is-layout-cc6471b1 wp-block-group-is-layout-constrained block-visibility-hide-large-screen\" data-aos=\"fade-up\" data-aos-duration=\"1000\">\n<h2 class=\"wp-block-heading has-text-align-center has-ast-global-color-2-color has-text-color block-visibility-hide-medium-screen block-visibility-hide-small-screen\" style=\"font-size:37px\">Photographie d\u00e9di\u00e9e aux sports de niche<\/h2>\n\n\n\n<p class=\"has-text-align-center\">Bas\u00e9 dans le nord is\u00e8re entre Lyon et Grenoble, je traque l\u2019action l\u00e0 o\u00f9 personne ne regarde \u2014 montagnes, gymnases ou terrains improbables.<\/p>\n\n\n\n<p class=\"has-text-align-center\">Mon but : capturer le mouvement, les \u00e9motions et toujours l\u2019authentique.<\/p>\n\n\n\n<div class=\"wp-block-buttons is-horizontal is-content-justification-center is-layout-flex wp-container-core-buttons-is-layout-ecd33c62 wp-block-buttons-is-layout-flex\" data-aos=\"fade\" data-aos-duration=\"1500\" data-aos-once=\"true\">\n<div class=\"wp-block-button has-custom-width wp-block-button__width-25\"><a class=\"wp-block-button__link wp-element-button\" href=\"http:\/\/hyperfocale.fr\/index.php\/portfolio\/\">D\u00e9couvrir mes photos<\/a><\/div>\n<\/div>\n<\/div>\n\n\n\n<div style=\"height:calc( 0.25 * var(--wp--style--root--padding-right, var(--wp--custom--gap--horizontal)))\" aria-hidden=\"true\" class=\"wp-block-spacer\"><\/div>\n<\/div>\n\n\n\n<div style=\"height:34px\" aria-hidden=\"true\" class=\"wp-block-spacer\"><\/div>\n\n\n\n<div class=\"wp-block-media-text has-media-on-the-right is-stacked-on-mobile is-vertically-aligned-center has-background block-visibility-hide-medium-screen block-visibility-hide-small-screen\" style=\"background-color:#ffb145;grid-template-columns:auto 34%\" data-aos=\"flip-up\" data-aos-duration=\"1250\" data-aos-once=\"true\"><div class=\"wp-block-media-text__content\">\n<div class=\"wp-block-group is-layout-flow wp-block-group-is-layout-flow\" style=\"padding-top:2em;padding-right:2em;padding-bottom:2em;padding-left:2em\">\n<p class=\"has-ast-global-color-4-color has-text-color has-link-color wp-elements-23b60f89563510a4f0cab584366f8cd0\" style=\"font-size:56px;line-height:0\"><strong>Un autre monde s&rsquo;ouvre<\/strong><\/p>\n\n\n\n<p class=\"has-ast-global-color-5-color has-text-color has-link-color wp-elements-a02cea63c36281a67ad38615a3075eaf\" style=\"font-size:20px\">Une vision \u00e0 part enti\u00e8re que nul ne verrait par des moyens ordinaires<\/p>\n<\/div>\n<\/div><figure class=\"wp-block-media-text__media\"><img loading=\"lazy\" decoding=\"async\" width=\"1440\" height=\"2560\" src=\"https:\/\/hyperfocale.fr\/wp-content\/uploads\/2025\/10\/J-4-of-9-scaled.jpg\" alt=\"\" class=\"wp-image-1225 size-full\" srcset=\"https:\/\/hyperfocale.fr\/wp-content\/uploads\/2025\/10\/J-4-of-9-scaled.jpg 1440w, https:\/\/hyperfocale.fr\/wp-content\/uploads\/2025\/10\/J-4-of-9-1688x3000.jpg 1688w, https:\/\/hyperfocale.fr\/wp-content\/uploads\/2025\/10\/J-4-of-9-768x1365.jpg 768w, https:\/\/hyperfocale.fr\/wp-content\/uploads\/2025\/10\/J-4-of-9-864x1536.jpg 864w, https:\/\/hyperfocale.fr\/wp-content\/uploads\/2025\/10\/J-4-of-9-1152x2048.jpg 1152w, https:\/\/hyperfocale.fr\/wp-content\/uploads\/2025\/10\/J-4-of-9-253x450.jpg 253w, https:\/\/hyperfocale.fr\/wp-content\/uploads\/2025\/10\/J-4-of-9-675x1200.jpg 675w, https:\/\/hyperfocale.fr\/wp-content\/uploads\/2025\/10\/J-4-of-9-300x533.jpg 300w, https:\/\/hyperfocale.fr\/wp-content\/uploads\/2025\/10\/J-4-of-9-600x1067.jpg 600w\" sizes=\"auto, (max-width: 1440px) 100vw, 1440px\" \/><\/figure><\/div>\n\n\n\n<div class=\"wp-block-media-text has-media-on-the-right is-stacked-on-mobile is-vertically-aligned-center has-background block-visibility-hide-large-screen\" style=\"background-color:#ffb145;grid-template-columns:auto 34%\" data-aos=\"flip-up\" data-aos-duration=\"950\" data-aos-once=\"true\"><div class=\"wp-block-media-text__content\">\n<div class=\"wp-block-group alignfull is-layout-flow wp-block-group-is-layout-flow\" style=\"padding-top:2em;padding-right:2em;padding-bottom:2em;padding-left:2em\">\n<p class=\"has-text-align-center has-ast-global-color-4-color has-text-color has-link-color wp-elements-a3c0f67838e87073c7d076b6455096a8\" style=\"font-size:1.8em;line-height:0\"><strong>Un autre monde<\/strong><\/p>\n\n\n\n<p class=\"has-text-align-center has-ast-global-color-4-color has-text-color has-link-color wp-elements-47a72c51b21ac533302a40e24a718bf8\" style=\"font-size:1.8em;line-height:0\">s&rsquo;ouvre \u00e0 vous<\/p>\n\n\n\n<p class=\"has-text-align-center has-ast-global-color-5-color has-text-color has-link-color wp-elements-0d3ac92e1f2ae6f9463dcbb59afa3ddb\" style=\"font-size:14px\">Une vision \u00e0 part enti\u00e8re que nul ne verrait par des moyens ordinaires<\/p>\n<\/div>\n<\/div><figure class=\"wp-block-media-text__media\"><img loading=\"lazy\" decoding=\"async\" width=\"1440\" height=\"2560\" src=\"http:\/\/hyperfocale.fr\/wp-content\/uploads\/2025\/10\/J-4-of-9-scaled.jpg\" alt=\"\" class=\"wp-image-1225 size-full\" srcset=\"https:\/\/hyperfocale.fr\/wp-content\/uploads\/2025\/10\/J-4-of-9-scaled.jpg 1440w, https:\/\/hyperfocale.fr\/wp-content\/uploads\/2025\/10\/J-4-of-9-1688x3000.jpg 1688w, https:\/\/hyperfocale.fr\/wp-content\/uploads\/2025\/10\/J-4-of-9-768x1365.jpg 768w, https:\/\/hyperfocale.fr\/wp-content\/uploads\/2025\/10\/J-4-of-9-864x1536.jpg 864w, https:\/\/hyperfocale.fr\/wp-content\/uploads\/2025\/10\/J-4-of-9-1152x2048.jpg 1152w, https:\/\/hyperfocale.fr\/wp-content\/uploads\/2025\/10\/J-4-of-9-253x450.jpg 253w, https:\/\/hyperfocale.fr\/wp-content\/uploads\/2025\/10\/J-4-of-9-675x1200.jpg 675w, https:\/\/hyperfocale.fr\/wp-content\/uploads\/2025\/10\/J-4-of-9-300x533.jpg 300w, https:\/\/hyperfocale.fr\/wp-content\/uploads\/2025\/10\/J-4-of-9-600x1067.jpg 600w\" sizes=\"auto, (max-width: 1440px) 100vw, 1440px\" \/><\/figure><\/div>\n\n\n\n<div class=\"wp-block-media-text alignwide is-stacked-on-mobile is-vertically-aligned-center has-background block-visibility-hide-medium-screen block-visibility-hide-small-screen\" style=\"background-color:#fffdea;grid-template-columns:39% auto\" data-aos=\"flip-up\" data-aos-duration=\"1200\" data-aos-once=\"true\"><figure class=\"wp-block-media-text__media\"><img decoding=\"async\" src=\"http:\/\/hyperfocale.fr\/wp-content\/uploads\/2025\/10\/20250516_1726_FrenchNationalInterclubChampionships2025_BPEM6779-2.jpg\" alt=\"\" class=\"wp-image-820 size-full\"\/><\/figure><div class=\"wp-block-media-text__content\">\n<div class=\"wp-block-group is-layout-flow wp-block-group-is-layout-flow\" style=\"padding-top:2em;padding-right:2em;padding-bottom:2em;padding-left:2em\">\n<p class=\"has-ast-global-color-0-color has-text-color has-link-color wp-elements-c0ffa47841f98128f532539703c12400\" style=\"font-size:48px;line-height:1.2\"><strong>Changer de perspective<\/strong>  <strong>pour mieux comprendre<\/strong><\/p>\n\n\n\n<p class=\"has-ast-global-color-0-color has-text-color has-link-color wp-elements-2ecb93ced8d1d1c6a29fab8d169265c2\" style=\"font-size:20px\">Explorer l\u2019inconnu pour \u00e9clairer ce qui est familier<\/p>\n<\/div>\n<\/div><\/div>\n\n\n\n<div class=\"wp-block-media-text is-stacked-on-mobile is-vertically-aligned-center has-background block-visibility-hide-large-screen\" style=\"background-color:#fffdea;grid-template-columns:39% auto\" data-aos=\"flip-up\" data-aos-once=\"true\"><figure class=\"wp-block-media-text__media\"><img decoding=\"async\" src=\"http:\/\/hyperfocale.fr\/wp-content\/uploads\/2025\/10\/20250516_1726_FrenchNationalInterclubChampionships2025_BPEM6779-2.jpg\" alt=\"\" class=\"wp-image-820 size-full\"\/><\/figure><div class=\"wp-block-media-text__content\">\n<div class=\"wp-block-group is-layout-flow wp-block-group-is-layout-flow\" style=\"padding-top:2em;padding-right:2em;padding-bottom:2em;padding-left:2em\">\n<p class=\"has-text-align-center has-ast-global-color-0-color has-text-color has-link-color wp-elements-cc59fcc0b553800269f1531c4ce5bcf4\" style=\"padding-right:0;padding-left:0;font-size:1.8em;line-height:1.1\"><strong>Changer de perspective<\/strong><br>pour mieux comprendre<\/p>\n\n\n\n<p class=\"has-text-align-center has-ast-global-color-0-color has-text-color has-link-color wp-elements-69224a2c28cba0a334e9113bd0a758c1\" style=\"font-size:1.8em;line-height:1.2\"><\/p>\n\n\n\n<p class=\"has-text-align-center has-ast-global-color-0-color has-text-color has-link-color wp-elements-3811502f1852dc950d9ddf351297271a\" style=\"font-size:14px\">Explorer l\u2019inconnu pour \u00e9clairer ce qui est familier<\/p>\n<\/div>\n<\/div><\/div>\n","protected":false},"excerpt":{"rendered":"<p>Bienvenue sur Hyperfocale Bienvenue sur Hyperfocale Photographie d\u00e9di\u00e9e aux sports de niche Bas\u00e9 dans le nord is\u00e8re entre Lyon et [&hellip;]<\/p>\n","protected":false},"author":1,"featured_media":0,"parent":0,"menu_order":0,"comment_status":"closed","ping_status":"closed","template":"","meta":{"site-sidebar-layout":"default","site-content-layout":"","ast-site-content-layout":"default","site-content-style":"default","site-sidebar-style":"default","ast-global-header-display":"","ast-banner-title-visibility":"","ast-main-header-display":"","ast-hfb-above-header-display":"","ast-hfb-below-header-display":"","ast-hfb-mobile-header-display":"","site-post-title":"disabled","ast-breadcrumbs-content":"","ast-featured-img":"","footer-sml-layout":"","theme-transparent-header-meta":"","adv-header-id-meta":"","stick-header-meta":"","header-above-stick-meta":"","header-main-stick-meta":"","header-below-stick-meta":"","astra-migrate-meta-layouts":"default","ast-page-background-enabled":"default","ast-page-background-meta":{"desktop":{"background-color":"var(--ast-global-color-5)","background-image":"","background-repeat":"repeat","background-position":"center center","background-size":"auto","background-attachment":"scroll","background-type":"","background-media":"","overlay-type":"","overlay-color":"","overlay-opacity":"","overlay-gradient":""},"tablet":{"background-color":"","background-image":"","background-repeat":"repeat","background-position":"center center","background-size":"auto","background-attachment":"scroll","background-type":"","background-media":"","overlay-type":"","overlay-color":"","overlay-opacity":"","overlay-gradient":""},"mobile":{"background-color":"","background-image":"","background-repeat":"repeat","background-position":"center center","background-size":"auto","background-attachment":"scroll","background-type":"","background-media":"","overlay-type":"","overlay-color":"","overlay-opacity":"","overlay-gradient":""}},"ast-content-background-meta":{"desktop":{"background-color":"var(--ast-global-color-4)","background-image":"","background-repeat":"repeat","background-position":"center center","background-size":"auto","background-attachment":"scroll","background-type":"","background-media":"","overlay-type":"","overlay-color":"","overlay-opacity":"","overlay-gradient":""},"tablet":{"background-color":"var(--ast-global-color-4)","background-image":"","background-repeat":"repeat","background-position":"center center","background-size":"auto","background-attachment":"scroll","background-type":"","background-media":"","overlay-type":"","overlay-color":"","overlay-opacity":"","overlay-gradient":""},"mobile":{"background-color":"var(--ast-global-color-4)","background-image":"","background-repeat":"repeat","background-position":"center center","background-size":"auto","background-attachment":"scroll","background-type":"","background-media":"","overlay-type":"","overlay-color":"","overlay-opacity":"","overlay-gradient":""}},"footnotes":""},"class_list":["post-633","page","type-page","status-publish","hentry"],"jetpack_sharing_enabled":true,"_links":{"self":[{"href":"https:\/\/hyperfocale.fr\/index.php\/wp-json\/wp\/v2\/pages\/633","targetHints":{"allow":["GET"]}}],"collection":[{"href":"https:\/\/hyperfocale.fr\/index.php\/wp-json\/wp\/v2\/pages"}],"about":[{"href":"https:\/\/hyperfocale.fr\/index.php\/wp-json\/wp\/v2\/types\/page"}],"author":[{"embeddable":true,"href":"https:\/\/hyperfocale.fr\/index.php\/wp-json\/wp\/v2\/users\/1"}],"replies":[{"embeddable":true,"href":"https:\/\/hyperfocale.fr\/index.php\/wp-json\/wp\/v2\/comments?post=633"}],"version-history":[{"count":157,"href":"https:\/\/hyperfocale.fr\/index.php\/wp-json\/wp\/v2\/pages\/633\/revisions"}],"predecessor-version":[{"id":1541,"href":"https:\/\/hyperfocale.fr\/index.php\/wp-json\/wp\/v2\/pages\/633\/revisions\/1541"}],"wp:attachment":[{"href":"https:\/\/hyperfocale.fr\/index.php\/wp-json\/wp\/v2\/media?parent=633"}],"curies":[{"name":"wp","href":"https:\/\/api.w.org\/{rel}","templated":true}]}}