{"id":118,"date":"2025-09-17T09:21:16","date_gmt":"2025-09-17T09:21:16","guid":{"rendered":"http:\/\/hyperfocale.fr\/index.php\/galeries-client\/"},"modified":"2026-03-09T20:38:32","modified_gmt":"2026-03-09T20:38:32","slug":"vos-photos","status":"publish","type":"page","link":"https:\/\/hyperfocale.fr\/index.php\/vos-photos\/","title":{"rendered":"Vos photos"},"content":{"rendered":"\n<div class=\"wp-block-cover alignfull wp-duotone-unset-1 block-visibility-hide-small-screen\" style=\"margin-top:0;padding-top:4vw;padding-right:13vw;padding-bottom:4vw;padding-left:13vw;min-height:70px;aspect-ratio:unset;\" data-aos=\"slide-down\" data-aos-duration=\"900\"><img decoding=\"async\" class=\"wp-block-cover__image-background wp-image-866 size-full\" alt=\"\" src=\"http:\/\/hyperfocale.fr\/wp-content\/uploads\/2025\/10\/5-09-2-114-of-143.jpg\" style=\"object-position:48% 46%\" data-object-fit=\"cover\" data-object-position=\"48% 46%\"\/><span aria-hidden=\"true\" class=\"wp-block-cover__background has-background-dim-40 has-background-dim\" style=\"background-color:#141414\"><\/span><div class=\"wp-block-cover__inner-container is-layout-flow wp-block-cover-is-layout-flow\">\n<div class=\"wp-block-group wp-container-content-9cfa9a5a is-horizontal is-content-justification-center is-nowrap is-layout-flex wp-container-core-group-is-layout-31478123 wp-block-group-is-layout-flex\">\n<p class=\"has-text-align-center has-white-color has-text-color has-source-serif-pro-font-family\" style=\"border-style:none;border-width:0px;font-size:7.1vh;font-style:italic;font-weight:900;letter-spacing:1px;line-height:0.8;text-transform:none\">Galeries <\/p>\n<\/div>\n<\/div><\/div>\n\n\n\n<div class=\"wp-block-cover alignfull has-custom-content-position is-position-center-left wp-duotone-unset-2 block-visibility-hide-large-screen\" style=\"margin-top:0;padding-top:4vw;padding-right:13vw;padding-bottom:4vw;padding-left:13vw;min-height:76px;aspect-ratio:unset;\"><img decoding=\"async\" class=\"wp-block-cover__image-background wp-image-866 size-full\" alt=\"\" src=\"http:\/\/hyperfocale.fr\/wp-content\/uploads\/2025\/10\/5-09-2-114-of-143.jpg\" style=\"object-position:48% 46%\" data-object-fit=\"cover\" data-object-position=\"48% 46%\"\/><span aria-hidden=\"true\" class=\"wp-block-cover__background has-background-dim-40 has-background-dim\" style=\"background-color:#141414\"><\/span><div class=\"wp-block-cover__inner-container is-layout-flow wp-block-cover-is-layout-flow\">\n<div class=\"wp-block-group wp-container-content-9cfa9a5a is-horizontal is-content-justification-center is-nowrap is-layout-flex wp-container-core-group-is-layout-31478123 wp-block-group-is-layout-flex\">\n<p class=\"has-text-align-left has-white-color has-text-color has-source-serif-pro-font-family\" style=\"border-style:none;border-width:0px;font-size:35px;font-style:italic;font-weight:900;letter-spacing:1px;line-height:0.8;text-transform:none\">Galeries<\/p>\n<\/div>\n<\/div><\/div>\n\n\n\n<div style=\"height:27px\" aria-hidden=\"true\" class=\"wp-block-spacer block-visibility-hide-small-screen\"><\/div>\n\n\n\n<div class=\"wp-block-cover alignwide is-light block-visibility-hide-small-screen\" style=\"min-height:355px;aspect-ratio:unset;\" data-aos=\"fade\" data-aos-duration=\"1350\"><span aria-hidden=\"true\" class=\"wp-block-cover__background has-background-dim-100 has-background-dim\" style=\"background-color:#ffffff\"><\/span><div class=\"wp-block-cover__inner-container is-layout-flow wp-block-cover-is-layout-flow\">\n<div class=\"wp-block-media-text has-media-on-the-right is-stacked-on-mobile is-vertically-aligned-center is-image-fill-element\" style=\"grid-template-columns:auto 57%\"><div class=\"wp-block-media-text__content\">\n<h2 class=\"wp-block-heading has-text-align-right has-text-color\" style=\"color:#000000;font-size:32px\"><strong>T\u00e9l\u00e9chargez vos photo ci-dessous<\/strong><\/h2>\n<\/div><figure class=\"wp-block-media-text__media\"><img loading=\"lazy\" decoding=\"async\" width=\"2560\" height=\"1707\" src=\"http:\/\/hyperfocale.fr\/wp-content\/uploads\/2025\/09\/05-04-2-8-of-19-scaled.jpg\" alt=\"\" class=\"wp-image-316 size-full\" style=\"object-position:60% 65%\" srcset=\"https:\/\/hyperfocale.fr\/wp-content\/uploads\/2025\/09\/05-04-2-8-of-19-scaled.jpg 2560w, https:\/\/hyperfocale.fr\/wp-content\/uploads\/2025\/09\/05-04-2-8-of-19-768x512.jpg 768w, https:\/\/hyperfocale.fr\/wp-content\/uploads\/2025\/09\/05-04-2-8-of-19-1536x1024.jpg 1536w, https:\/\/hyperfocale.fr\/wp-content\/uploads\/2025\/09\/05-04-2-8-of-19-2048x1365.jpg 2048w, https:\/\/hyperfocale.fr\/wp-content\/uploads\/2025\/09\/05-04-2-8-of-19-200x133.jpg 200w, https:\/\/hyperfocale.fr\/wp-content\/uploads\/2025\/09\/05-04-2-8-of-19-600x400.jpg 600w, https:\/\/hyperfocale.fr\/wp-content\/uploads\/2025\/09\/05-04-2-8-of-19-300x200.jpg 300w\" sizes=\"auto, (max-width: 2560px) 100vw, 2560px\" \/><\/figure><\/div>\n<\/div><\/div>\n\n\n\n<div style=\"height:3px\" aria-hidden=\"true\" class=\"wp-block-spacer block-visibility-hide-large-screen\"><\/div>\n\n\n\n<div style=\"height:8px\" aria-hidden=\"true\" class=\"wp-block-spacer block-visibility-hide-medium-screen block-visibility-hide-small-screen\"><\/div>\n\n\n\n<h2 class=\"wp-block-heading has-text-align-center has-ast-global-color-4-color has-ast-global-color-2-background-color has-text-color has-background has-link-color wp-elements-ae4272420ca0d71f0a851e8e3c49e53d\" style=\"padding-top:var(--wp--preset--spacing--20);padding-right:0;padding-bottom:var(--wp--preset--spacing--20);padding-left:0\" data-aos=\"flip-up\" data-aos-duration=\"1200\" data-aos-once=\"true\"><strong>Les Galeries<\/strong> :<\/h2>\n\n\n\n<p class=\"has-text-align-center block-visibility-hide-medium-screen block-visibility-hide-small-screen\" style=\"border-style:none;border-width:0px;margin-top:0;margin-right:0;margin-bottom:0;margin-left:0;padding-top:var(--wp--preset--spacing--20);padding-right:0px;padding-bottom:var(--wp--preset--spacing--20);padding-left:0px\" data-aos=\"flip-up\" data-aos-duration=\"1200\" data-aos-once=\"true\">Pour la visualisation, la qualit\u00e9 des photos est volontairement r\u00e9duite.<\/p>\n\n\n\n<p class=\"has-text-align-center has-ast-global-color-5-background-color has-background block-visibility-hide-large-screen\" style=\"font-size:13px\" data-aos=\"flip-up\" data-aos-duration=\"1400\" data-aos-once=\"true\">Pour la visualisation, la qualit\u00e9 des photos est volontairement r\u00e9duite.<\/p>\n\n\n\n<div style=\"height:9px\" aria-hidden=\"true\" class=\"wp-block-spacer block-visibility-hide-large-screen\"><\/div>\n\n\n\n\t<div id=\"sunshine--gallery-items\" class=\"sunshine--layout--justified sunshine--col-2\">\n\n\t<figure class=\"sunshine--gallery-item \" id=\"sunshine--gallery-2044\"\n\t\t\t\t\t\t\t\t\t\t\t\t\t\t\t\t \t style=\"--width:360;--height:450\">\n\n\t\n\t<a href=\"https:\/\/hyperfocale.fr\/index.php\/vos-photos\/gallery\/internationale-de-lopen-de-para-badminton-de-lyon\/\"><img decoding=\"async\" src=\"https:\/\/hyperfocale.fr\/wp-content\/uploads\/sunshine\/2044\/28-02-1-of-19-mcjmvekYXX9fi3a00f3wLXSZ-360x450.jpg\" loading=\"lazy\" class=\"sunshine--image--2056\" alt=\"\" \/><\/a>\n\t<h2><a href=\"https:\/\/hyperfocale.fr\/index.php\/vos-photos\/gallery\/internationale-de-lopen-de-para-badminton-de-lyon\/\">Internationale de l&#039;Open de para-badminton de Lyon<\/a><\/h2>\n\n\t\n<\/figure>\n<figure class=\"sunshine--gallery-item \" id=\"sunshine--gallery-2015\"\n\t\t\t\t\t\t\t\t\t\t\t\t\t\t\t\t \t style=\"--width:300;--height:450\">\n\n\t\n\t<a href=\"https:\/\/hyperfocale.fr\/index.php\/vos-photos\/gallery\/bomolet-shoot-saint-valentin\/\"><img decoding=\"async\" src=\"https:\/\/hyperfocale.fr\/wp-content\/uploads\/sunshine\/2015\/29-01-3-of-17-gXLTmyo6ltXelevz8w6Nn8eN-300x450.jpg\" loading=\"lazy\" class=\"sunshine--image--2023\" alt=\"\" \/><\/a>\n\t<h2><a href=\"https:\/\/hyperfocale.fr\/index.php\/vos-photos\/gallery\/bomolet-shoot-saint-valentin\/\">Bomolet Shoot Saint Valentin<\/a><\/h2>\n\n\t\n<\/figure>\n<figure class=\"sunshine--gallery-item \" id=\"sunshine--gallery-1587\"\n\t\t\t\t\t\t\t\t\t\t\t\t\t\t\t\t \t style=\"--width:600;--height:400\">\n\n\t\n\t<a href=\"https:\/\/hyperfocale.fr\/index.php\/vos-photos\/gallery\/handball-meximieux\/\"><img decoding=\"async\" src=\"https:\/\/hyperfocale.fr\/wp-content\/uploads\/sunshine\/1587\/17-1-Hand-2-of-212-XE6A6Wcbu8wKQpKqr1TN8lue-600x400.jpg\" loading=\"lazy\" class=\"sunshine--image--1611\" alt=\"\" \/><\/a>\n\t<h2><a href=\"https:\/\/hyperfocale.fr\/index.php\/vos-photos\/gallery\/handball-meximieux\/\">Handball Meximieux<\/a><\/h2>\n\n\t\n<\/figure>\n<figure class=\"sunshine--gallery-item sunshine--password-required\" id=\"sunshine--gallery-1563\"\n\t\t\t\t\t\t\t\t\t\t\t\t\t\t\t\t \t style=\"--width:360;--height:450\">\n\n\t\n\t<a href=\"https:\/\/hyperfocale.fr\/index.php\/vos-photos\/gallery\/trail-in-box\/\"><img decoding=\"async\" src=\"https:\/\/hyperfocale.fr\/wp-content\/uploads\/sunshine\/1563\/24-11-TIB-1-of-13-rfgnfQ2OKBQqZkMkq0qswv1V-360x450.jpg\" loading=\"lazy\" class=\"sunshine--image--1564\" alt=\"\" \/><\/a>\n\t<h2><a href=\"https:\/\/hyperfocale.fr\/index.php\/vos-photos\/gallery\/trail-in-box\/\">Trail in Box<\/a><\/h2>\n\n\t\n<\/figure>\n<figure class=\"sunshine--gallery-item sunshine--password-required\" id=\"sunshine--gallery-717\"\n\t\t\t\t\t\t\t\t\t\t\t\t\t\t\t\t \t style=\"--width:600;--height:400\">\n\n\t\n\t<a href=\"https:\/\/hyperfocale.fr\/index.php\/vos-photos\/gallery\/nice-by-utmb-50k\/\"><img decoding=\"async\" src=\"https:\/\/hyperfocale.fr\/wp-content\/uploads\/sunshine\/717\/29-09-45-of-67-bGa6H1sVHUOKXZOT2OV4ZBbj-600x400.jpg\" loading=\"lazy\" class=\"sunshine--image--718\" alt=\"\" \/><\/a>\n\t<h2><a href=\"https:\/\/hyperfocale.fr\/index.php\/vos-photos\/gallery\/nice-by-utmb-50k\/\">Nice by UTMB 50K<\/a><\/h2>\n\n\t\n<\/figure>\n<figure class=\"sunshine--gallery-item \" id=\"sunshine--gallery-406\"\n\t\t\t\t\t\t\t\t\t\t\t\t\t\t\t\t \t style=\"--width:600;--height:400\">\n\n\t\n\t<a href=\"https:\/\/hyperfocale.fr\/index.php\/vos-photos\/gallery\/tournois-international-de-voiron\/\"><img decoding=\"async\" src=\"https:\/\/hyperfocale.fr\/wp-content\/uploads\/sunshine\/406\/05-04-92-of-117-pPsGQPjqDyqWNfa1Itdru9rN-600x400.jpg\" loading=\"lazy\" class=\"sunshine--image--407\" alt=\"\" \/><\/a>\n\t<h2><a href=\"https:\/\/hyperfocale.fr\/index.php\/vos-photos\/gallery\/tournois-international-de-voiron\/\">Tournois international de Voiron<\/a><\/h2>\n\n\t\n<\/figure>\n\n\t<\/div>\n\n\t\n\n\n\n\n<p><\/p>\n","protected":false},"excerpt":{"rendered":"<p>Les Galeries : Pour la visualisation, la qualit\u00e9 des photos est volontairement r\u00e9duite. Pour la visualisation, la qualit\u00e9 des photos [&hellip;]<\/p>\n","protected":false},"author":1,"featured_media":0,"parent":0,"menu_order":0,"comment_status":"closed","ping_status":"closed","template":"","meta":{"site-sidebar-layout":"default","site-content-layout":"","ast-site-content-layout":"default","site-content-style":"default","site-sidebar-style":"default","ast-global-header-display":"","ast-banner-title-visibility":"","ast-main-header-display":"","ast-hfb-above-header-display":"","ast-hfb-below-header-display":"","ast-hfb-mobile-header-display":"","site-post-title":"disabled","ast-breadcrumbs-content":"","ast-featured-img":"","footer-sml-layout":"","theme-transparent-header-meta":"","adv-header-id-meta":"","stick-header-meta":"","header-above-stick-meta":"","header-main-stick-meta":"","header-below-stick-meta":"","astra-migrate-meta-layouts":"default","ast-page-background-enabled":"default","ast-page-background-meta":{"desktop":{"background-color":"var(--ast-global-color-5)","background-image":"","background-repeat":"repeat","background-position":"center center","background-size":"auto","background-attachment":"scroll","background-type":"","background-media":"","overlay-type":"","overlay-color":"","overlay-opacity":"","overlay-gradient":""},"tablet":{"background-color":"","background-image":"","background-repeat":"repeat","background-position":"center center","background-size":"auto","background-attachment":"scroll","background-type":"","background-media":"","overlay-type":"","overlay-color":"","overlay-opacity":"","overlay-gradient":""},"mobile":{"background-color":"","background-image":"","background-repeat":"repeat","background-position":"center center","background-size":"auto","background-attachment":"scroll","background-type":"","background-media":"","overlay-type":"","overlay-color":"","overlay-opacity":"","overlay-gradient":""}},"ast-content-background-meta":{"desktop":{"background-color":"var(--ast-global-color-4)","background-image":"","background-repeat":"repeat","background-position":"center center","background-size":"auto","background-attachment":"scroll","background-type":"","background-media":"","overlay-type":"","overlay-color":"","overlay-opacity":"","overlay-gradient":""},"tablet":{"background-color":"var(--ast-global-color-4)","background-image":"","background-repeat":"repeat","background-position":"center center","background-size":"auto","background-attachment":"scroll","background-type":"","background-media":"","overlay-type":"","overlay-color":"","overlay-opacity":"","overlay-gradient":""},"mobile":{"background-color":"var(--ast-global-color-4)","background-image":"","background-repeat":"repeat","background-position":"center center","background-size":"auto","background-attachment":"scroll","background-type":"","background-media":"","overlay-type":"","overlay-color":"","overlay-opacity":"","overlay-gradient":""}},"footnotes":""},"class_list":["post-118","page","type-page","status-publish","hentry"],"jetpack_sharing_enabled":true,"_links":{"self":[{"href":"https:\/\/hyperfocale.fr\/index.php\/wp-json\/wp\/v2\/pages\/118","targetHints":{"allow":["GET"]}}],"collection":[{"href":"https:\/\/hyperfocale.fr\/index.php\/wp-json\/wp\/v2\/pages"}],"about":[{"href":"https:\/\/hyperfocale.fr\/index.php\/wp-json\/wp\/v2\/types\/page"}],"author":[{"embeddable":true,"href":"https:\/\/hyperfocale.fr\/index.php\/wp-json\/wp\/v2\/users\/1"}],"replies":[{"embeddable":true,"href":"https:\/\/hyperfocale.fr\/index.php\/wp-json\/wp\/v2\/comments?post=118"}],"version-history":[{"count":188,"href":"https:\/\/hyperfocale.fr\/index.php\/wp-json\/wp\/v2\/pages\/118\/revisions"}],"predecessor-version":[{"id":2233,"href":"https:\/\/hyperfocale.fr\/index.php\/wp-json\/wp\/v2\/pages\/118\/revisions\/2233"}],"wp:attachment":[{"href":"https:\/\/hyperfocale.fr\/index.php\/wp-json\/wp\/v2\/media?parent=118"}],"curies":[{"name":"wp","href":"https:\/\/api.w.org\/{rel}","templated":true}]}}